{"id":3371,"date":"2020-06-24T16:46:25","date_gmt":"2020-06-24T08:46:25","guid":{"rendered":"https:\/\/www.avsolution.hk\/?post_type=product&#038;p=3371"},"modified":"2020-06-24T16:46:32","modified_gmt":"2020-06-24T08:46:32","slug":"symetrix-prism","status":"publish","type":"product","link":"https:\/\/www.avsolution.hk\/zh\/product\/symetrix-prism\/","title":{"rendered":"Symetrix Prism"},"content":{"rendered":"<p><strong>Dante\u2122 in Our DNA.<\/strong>\u00a0 Prism DSPs are equipped with 128 (64\u00d764) Dante channels. The Dante protocol enables ultra-reliable multi-channel audio networking over IP. Together, Symetrix and Dante provide the fastest possible way to implement, control, and maintain a system of networked DSPs and accessories \u2013 including third party Dante-enabled microphones, loudspeakers, power amps, and mixing consoles.<\/p>\n<p><strong>Scaling Up.<\/strong>\u00a0 A Prism system\u2019s analog input and output count may be increased using Symetrix Dante-enabled xIn 4, xIO 4\u00d74, xOut 4, xIn 12, and xOut 12 analog I\/O expanders.<\/p>\n<p><strong>Unlimited Programming Flexibility.<\/strong>\u00a0 Prism is programmed using Composer \u2013 Symetrix\u2019 award winning open-architecture CAD application.\u00a0Unique to Composer is the ability to natively configure Symetrix and select third party Dante hardware \u2013 thereby eliminating the confusion of multiple or redundant software applications.\u00a0Learn more about Composer <a href=\"https:\/\/www.symetrix.co\/products\/composer-software\/\"><strong>here<\/strong><\/a>.<\/p>\n<p><strong>Control Made Easy. \u00a0<\/strong>Multiple control options include low-cost Symetrix ARC wall panels and an easy to generate SymVue Windows virtual GUI. The human readable Composer Control Protocol supports programming of third-party touch screens and control devices.<\/p>\n<p><strong>An Embedded Web Server for Status and Even More Control.<\/strong>\u00a0\u00a0Prism\u2019s embedded web server displays I\/O levels, diagnostics data, and hosts ARC-WEB \u2013 a browser-based interface for smart phones, tablets, and computers.<\/p>\n<p><strong>Form, Fit and Function.<\/strong>\u00a0 Prism 8\u00d78, 12\u00d712 and 16\u00d716 have been designed using standard 19\u201d x 1U enclosures. For convenient point-of-use or rack mounting, Prism 0x0 and 4\u00d74 feature 1\/2 rack 1U form factors. (Surface and rack mount<b>\u00a0<\/b>kits sold separately.)<\/p>","protected":false},"excerpt":{"rendered":"<ul>\n<li>DSP Price \/ Performance Breakthrough<\/li>\n<li>128 Channel (64\u00d764) Dante\u2122<\/li>\n<li>0x0,\u00a0<span class=\"font5\">4\u00d74, 8\u00d78, 12\u00d712, and 16\u00d716 Versions<\/span><\/li>\n<li>DSP Processing Identical to Radius \/ Edge \/ Solus NX<\/li>\n<li>Delay Memory Identical to Radius \/ Edge \/ Solus NX<\/li>\n<\/ul>","protected":false},"featured_media":3372,"template":"","meta":[],"product_brand":[],"product_cat":[151,170],"product_tag":[],"class_list":{"0":"post-3371","1":"product","2":"type-product","3":"status-publish","4":"has-post-thumbnail","6":"product_cat-audio-management-system","7":"product_cat-dsp-audio-matrix-switcher","9":"first","10":"instock","11":"shipping-taxable","12":"product-type-simple"},"yoast_head":"<!-- This site is optimized with the Yoast SEO Premium plugin v18.2.1 (Yoast SEO v27.4) - https:\/\/yoast.com\/product\/yoast-seo-premium-wordpress\/ -->\n<title>Symetrix Prism - WISE AV Solution<\/title>\n<meta name=\"robots\" content=\"index, follow, max-snippet:-1, max-image-preview:large, max-video-preview:-1\" \/>\n<link rel=\"canonical\" href=\"https:\/\/www.avsolution.hk\/zh\/product\/symetrix-prism\/\" \/>\n<meta property=\"og:locale\" content=\"zh_HK\" \/>\n<meta property=\"og:type\" content=\"article\" \/>\n<meta property=\"og:title\" content=\"Symetrix Prism\" \/>\n<meta property=\"og:description\" content=\"DSP Price \/ Performance Breakthrough  128 Channel (64\u00d764) Dante\u2122  0x0,\u00a04\u00d74, 8\u00d78, 12\u00d712, and 16\u00d716 Versions  DSP Processing Identical to Radius \/ Edge \/ Solus NX  Delay Memory Identical to Radius \/ Edge \/ Solus NX\" \/>\n<meta property=\"og:url\" content=\"https:\/\/www.avsolution.hk\/zh\/product\/symetrix-prism\/\" \/>\n<meta property=\"og:site_name\" content=\"WISE AV Solution\" \/>\n<meta property=\"article:publisher\" content=\"https:\/\/www.facebook.com\/wiseitsolution.hk\/\" \/>\n<meta property=\"article:modified_time\" content=\"2020-06-24T08:46:32+00:00\" \/>\n<meta property=\"og:image\" content=\"https:\/\/www.avsolution.hk\/wp-content\/uploads\/2020\/06\/Prism-Stack-wMon-Web-1-1024x723-1.png\" \/>\n\t<meta property=\"og:image:width\" content=\"1024\" \/>\n\t<meta property=\"og:image:height\" content=\"1024\" \/>\n\t<meta property=\"og:image:type\" content=\"image\/png\" \/>\n<meta name=\"twitter:card\" content=\"summary_large_image\" \/>\n<meta name=\"twitter:label1\" content=\"\u9810\u8a08\u95b1\u8b80\u6642\u9593\" \/>\n\t<meta name=\"twitter:data1\" content=\"1 \u5206\u9418\" \/>\n<script type=\"application\/ld+json\" class=\"yoast-schema-graph\">{\"@context\":\"https:\\\/\\\/schema.org\",\"@graph\":[{\"@type\":\"WebPage\",\"@id\":\"https:\\\/\\\/www.avsolution.hk\\\/zh\\\/product\\\/symetrix-prism\\\/\",\"url\":\"https:\\\/\\\/www.avsolution.hk\\\/zh\\\/product\\\/symetrix-prism\\\/\",\"name\":\"Symetrix Prism - WISE AV Solution\",\"isPartOf\":{\"@id\":\"https:\\\/\\\/www.avsolution.hk\\\/zh\\\/#website\"},\"primaryImageOfPage\":{\"@id\":\"https:\\\/\\\/www.avsolution.hk\\\/zh\\\/product\\\/symetrix-prism\\\/#primaryimage\"},\"image\":{\"@id\":\"https:\\\/\\\/www.avsolution.hk\\\/zh\\\/product\\\/symetrix-prism\\\/#primaryimage\"},\"thumbnailUrl\":\"https:\\\/\\\/www.avsolution.hk\\\/wp-content\\\/uploads\\\/2020\\\/06\\\/Prism-Stack-wMon-Web-1-1024x723-1.png\",\"datePublished\":\"2020-06-24T08:46:25+00:00\",\"dateModified\":\"2020-06-24T08:46:32+00:00\",\"breadcrumb\":{\"@id\":\"https:\\\/\\\/www.avsolution.hk\\\/zh\\\/product\\\/symetrix-prism\\\/#breadcrumb\"},\"inLanguage\":\"zh-HK\",\"potentialAction\":[{\"@type\":\"ReadAction\",\"target\":[\"https:\\\/\\\/www.avsolution.hk\\\/zh\\\/product\\\/symetrix-prism\\\/\"]}]},{\"@type\":\"ImageObject\",\"inLanguage\":\"zh-HK\",\"@id\":\"https:\\\/\\\/www.avsolution.hk\\\/zh\\\/product\\\/symetrix-prism\\\/#primaryimage\",\"url\":\"https:\\\/\\\/www.avsolution.hk\\\/wp-content\\\/uploads\\\/2020\\\/06\\\/Prism-Stack-wMon-Web-1-1024x723-1.png\",\"contentUrl\":\"https:\\\/\\\/www.avsolution.hk\\\/wp-content\\\/uploads\\\/2020\\\/06\\\/Prism-Stack-wMon-Web-1-1024x723-1.png\",\"width\":1024,\"height\":1024},{\"@type\":\"BreadcrumbList\",\"@id\":\"https:\\\/\\\/www.avsolution.hk\\\/zh\\\/product\\\/symetrix-prism\\\/#breadcrumb\",\"itemListElement\":[{\"@type\":\"ListItem\",\"position\":1,\"name\":\"\u9996\u9801\",\"item\":\"https:\\\/\\\/www.avsolution.hk\\\/zh\\\/\"},{\"@type\":\"ListItem\",\"position\":2,\"name\":\"Product Showcase\",\"item\":\"https:\\\/\\\/www.avsolution.hk\\\/product-showcase\\\/\"},{\"@type\":\"ListItem\",\"position\":3,\"name\":\"Symetrix Prism\"}]},{\"@type\":\"WebSite\",\"@id\":\"https:\\\/\\\/www.avsolution.hk\\\/zh\\\/#website\",\"url\":\"https:\\\/\\\/www.avsolution.hk\\\/zh\\\/\",\"name\":\"WISE AV Solution\",\"description\":\"Your AV Solution Expert\",\"publisher\":{\"@id\":\"https:\\\/\\\/www.avsolution.hk\\\/zh\\\/#organization\"},\"potentialAction\":[{\"@type\":\"SearchAction\",\"target\":{\"@type\":\"EntryPoint\",\"urlTemplate\":\"https:\\\/\\\/www.avsolution.hk\\\/zh\\\/?s={search_term_string}\"},\"query-input\":{\"@type\":\"PropertyValueSpecification\",\"valueRequired\":true,\"valueName\":\"search_term_string\"}}],\"inLanguage\":\"zh-HK\"},{\"@type\":\"Organization\",\"@id\":\"https:\\\/\\\/www.avsolution.hk\\\/zh\\\/#organization\",\"name\":\"Wise AV solution Ltd\",\"url\":\"https:\\\/\\\/www.avsolution.hk\\\/zh\\\/\",\"logo\":{\"@type\":\"ImageObject\",\"inLanguage\":\"zh-HK\",\"@id\":\"https:\\\/\\\/www.avsolution.hk\\\/zh\\\/#\\\/schema\\\/logo\\\/image\\\/\",\"url\":\"https:\\\/\\\/www.avsolution.hk\\\/wp-content\\\/uploads\\\/2022\\\/03\\\/Wise-AV-solution-Ltd-Logo.png\",\"contentUrl\":\"https:\\\/\\\/www.avsolution.hk\\\/wp-content\\\/uploads\\\/2022\\\/03\\\/Wise-AV-solution-Ltd-Logo.png\",\"width\":259,\"height\":112,\"caption\":\"Wise AV solution Ltd\"},\"image\":{\"@id\":\"https:\\\/\\\/www.avsolution.hk\\\/zh\\\/#\\\/schema\\\/logo\\\/image\\\/\"},\"sameAs\":[\"https:\\\/\\\/www.facebook.com\\\/wiseitsolution.hk\\\/\",\"https:\\\/\\\/www.youtube.com\\\/watch?v=f-Tiwpq27Lo\"]}]}<\/script>\n<!-- \/ Yoast SEO Premium plugin. -->","yoast_head_json":{"title":"Symetrix Prism - WISE AV Solution","robots":{"index":"index","follow":"follow","max-snippet":"max-snippet:-1","max-image-preview":"max-image-preview:large","max-video-preview":"max-video-preview:-1"},"canonical":"https:\/\/www.avsolution.hk\/zh\/product\/symetrix-prism\/","og_locale":"zh_HK","og_type":"article","og_title":"Symetrix Prism","og_description":"DSP Price \/ Performance Breakthrough  128 Channel (64\u00d764) Dante\u2122  0x0,\u00a04\u00d74, 8\u00d78, 12\u00d712, and 16\u00d716 Versions  DSP Processing Identical to Radius \/ Edge \/ Solus NX  Delay Memory Identical to Radius \/ Edge \/ Solus NX","og_url":"https:\/\/www.avsolution.hk\/zh\/product\/symetrix-prism\/","og_site_name":"WISE AV Solution","article_publisher":"https:\/\/www.facebook.com\/wiseitsolution.hk\/","article_modified_time":"2020-06-24T08:46:32+00:00","og_image":[{"width":1024,"height":1024,"url":"https:\/\/www.avsolution.hk\/wp-content\/uploads\/2020\/06\/Prism-Stack-wMon-Web-1-1024x723-1.png","type":"image\/png"}],"twitter_card":"summary_large_image","twitter_misc":{"\u9810\u8a08\u95b1\u8b80\u6642\u9593":"1 \u5206\u9418"},"schema":{"@context":"https:\/\/schema.org","@graph":[{"@type":"WebPage","@id":"https:\/\/www.avsolution.hk\/zh\/product\/symetrix-prism\/","url":"https:\/\/www.avsolution.hk\/zh\/product\/symetrix-prism\/","name":"Symetrix Prism - WISE AV Solution","isPartOf":{"@id":"https:\/\/www.avsolution.hk\/zh\/#website"},"primaryImageOfPage":{"@id":"https:\/\/www.avsolution.hk\/zh\/product\/symetrix-prism\/#primaryimage"},"image":{"@id":"https:\/\/www.avsolution.hk\/zh\/product\/symetrix-prism\/#primaryimage"},"thumbnailUrl":"https:\/\/www.avsolution.hk\/wp-content\/uploads\/2020\/06\/Prism-Stack-wMon-Web-1-1024x723-1.png","datePublished":"2020-06-24T08:46:25+00:00","dateModified":"2020-06-24T08:46:32+00:00","breadcrumb":{"@id":"https:\/\/www.avsolution.hk\/zh\/product\/symetrix-prism\/#breadcrumb"},"inLanguage":"zh-HK","potentialAction":[{"@type":"ReadAction","target":["https:\/\/www.avsolution.hk\/zh\/product\/symetrix-prism\/"]}]},{"@type":"ImageObject","inLanguage":"zh-HK","@id":"https:\/\/www.avsolution.hk\/zh\/product\/symetrix-prism\/#primaryimage","url":"https:\/\/www.avsolution.hk\/wp-content\/uploads\/2020\/06\/Prism-Stack-wMon-Web-1-1024x723-1.png","contentUrl":"https:\/\/www.avsolution.hk\/wp-content\/uploads\/2020\/06\/Prism-Stack-wMon-Web-1-1024x723-1.png","width":1024,"height":1024},{"@type":"BreadcrumbList","@id":"https:\/\/www.avsolution.hk\/zh\/product\/symetrix-prism\/#breadcrumb","itemListElement":[{"@type":"ListItem","position":1,"name":"\u9996\u9801","item":"https:\/\/www.avsolution.hk\/zh\/"},{"@type":"ListItem","position":2,"name":"Product Showcase","item":"https:\/\/www.avsolution.hk\/product-showcase\/"},{"@type":"ListItem","position":3,"name":"Symetrix Prism"}]},{"@type":"WebSite","@id":"https:\/\/www.avsolution.hk\/zh\/#website","url":"https:\/\/www.avsolution.hk\/zh\/","name":"WISE AV Solution","description":"Your AV Solution Expert","publisher":{"@id":"https:\/\/www.avsolution.hk\/zh\/#organization"},"potentialAction":[{"@type":"SearchAction","target":{"@type":"EntryPoint","urlTemplate":"https:\/\/www.avsolution.hk\/zh\/?s={search_term_string}"},"query-input":{"@type":"PropertyValueSpecification","valueRequired":true,"valueName":"search_term_string"}}],"inLanguage":"zh-HK"},{"@type":"Organization","@id":"https:\/\/www.avsolution.hk\/zh\/#organization","name":"Wise AV solution Ltd","url":"https:\/\/www.avsolution.hk\/zh\/","logo":{"@type":"ImageObject","inLanguage":"zh-HK","@id":"https:\/\/www.avsolution.hk\/zh\/#\/schema\/logo\/image\/","url":"https:\/\/www.avsolution.hk\/wp-content\/uploads\/2022\/03\/Wise-AV-solution-Ltd-Logo.png","contentUrl":"https:\/\/www.avsolution.hk\/wp-content\/uploads\/2022\/03\/Wise-AV-solution-Ltd-Logo.png","width":259,"height":112,"caption":"Wise AV solution Ltd"},"image":{"@id":"https:\/\/www.avsolution.hk\/zh\/#\/schema\/logo\/image\/"},"sameAs":["https:\/\/www.facebook.com\/wiseitsolution.hk\/","https:\/\/www.youtube.com\/watch?v=f-Tiwpq27Lo"]}]}},"_links":{"self":[{"href":"https:\/\/www.avsolution.hk\/zh\/wp-json\/wp\/v2\/product\/3371","targetHints":{"allow":["GET"]}}],"collection":[{"href":"https:\/\/www.avsolution.hk\/zh\/wp-json\/wp\/v2\/product"}],"about":[{"href":"https:\/\/www.avsolution.hk\/zh\/wp-json\/wp\/v2\/types\/product"}],"version-history":[{"count":0,"href":"https:\/\/www.avsolution.hk\/zh\/wp-json\/wp\/v2\/product\/3371\/revisions"}],"wp:featuredmedia":[{"embeddable":true,"href":"https:\/\/www.avsolution.hk\/zh\/wp-json\/wp\/v2\/media\/3372"}],"wp:attachment":[{"href":"https:\/\/www.avsolution.hk\/zh\/wp-json\/wp\/v2\/media?parent=3371"}],"wp:term":[{"taxonomy":"product_brand","embeddable":true,"href":"https:\/\/www.avsolution.hk\/zh\/wp-json\/wp\/v2\/product_brand?post=3371"},{"taxonomy":"product_cat","embeddable":true,"href":"https:\/\/www.avsolution.hk\/zh\/wp-json\/wp\/v2\/product_cat?post=3371"},{"taxonomy":"product_tag","embeddable":true,"href":"https:\/\/www.avsolution.hk\/zh\/wp-json\/wp\/v2\/product_tag?post=3371"}],"curies":[{"name":"wp","href":"https:\/\/api.w.org\/{rel}","templated":true}]}}